{"id":96,"date":"2021-06-22T12:17:45","date_gmt":"2021-06-22T10:17:45","guid":{"rendered":"http:\/\/hashabis.fr\/?page_id=96"},"modified":"2021-10-09T03:06:17","modified_gmt":"2021-10-09T01:06:17","slug":"qui-sommes-nous","status":"publish","type":"page","link":"https:\/\/hashabis.fr\/?page_id=96","title":{"rendered":"Qui sommes-nous ?"},"content":{"rendered":"\n<div class=\"wp-block-themeisle-blocks-advanced-columns has-1-columns has-desktop-equal-layout has-tablet-equal-layout has-mobile-equal-layout has-default-gap has-vertical-unset\" id=\"wp-block-themeisle-blocks-advanced-columns-ab6d7391\"><div class=\"wp-block-themeisle-blocks-advanced-columns-overlay\"><\/div><div class=\"innerblocks-wrap\">\n<div class=\"wp-block-themeisle-blocks-advanced-column\" id=\"wp-block-themeisle-blocks-advanced-column-9981c2af\">\n<p>Le groupe est n\u00e9 le 12 ao\u00fbt 2017 vers 3 ou 4 heures du matin dans la magnifique commune de Locmiqu\u00e9lic apr\u00e8s une longue discussion et l&#8217;ach\u00e8vement de quelques packs de bi\u00e8res. <\/p>\n\n\n\n<p>Peu de temps apr\u00e8s en juin 2020 a lieu la premi\u00e8re r\u00e9p\u00e8te, apr\u00e8s que notre l\u00e9gendaire et actuel bassiste d\u00e9cida de s&#8217;acheter une basse.<\/p>\n\n\n\n<p>Depuis ce jour, de nombreux festivals de grandes renomm\u00e9es se battent pour avoir Hashabis en t\u00eate d&#8217;affiche. <\/p>\n\n\n\n<p>Nos influences varient entre le metal, le ska-punk, le reggae, la bi\u00e8re, le punk, le rock et beaucoup beaucoup d&#8217;autres styles.<\/p>\n\n\n\n<p><\/p>\n<\/div>\n<\/div><\/div>\n\n\n\n<p><\/p>\n","protected":false},"excerpt":{"rendered":"","protected":false},"author":2,"featured_media":0,"parent":0,"menu_order":0,"comment_status":"closed","ping_status":"closed","template":"","meta":{"footnotes":""},"yoast_head":"<!-- This site is optimized with the Yoast SEO plugin v21.9.1 - https:\/\/yoast.com\/wordpress\/plugins\/seo\/ -->\n<title>Qui sommes-nous ? - Hashabis \ud83c\udfb8<\/title>\n<meta name=\"robots\" content=\"index, follow, max-snippet:-1, max-image-preview:large, max-video-preview:-1\" \/>\n<link rel=\"canonical\" href=\"https:\/\/hashabis.fr\/?page_id=96\" \/>\n<meta property=\"og:locale\" content=\"fr_FR\" \/>\n<meta property=\"og:type\" content=\"article\" \/>\n<meta property=\"og:title\" content=\"Qui sommes-nous ? - Hashabis \ud83c\udfb8\" \/>\n<meta property=\"og:url\" content=\"https:\/\/hashabis.fr\/?page_id=96\" \/>\n<meta property=\"og:site_name\" content=\"Hashabis \ud83c\udfb8\" \/>\n<meta property=\"article:modified_time\" content=\"2021-10-09T01:06:17+00:00\" \/>\n<meta name=\"twitter:card\" content=\"summary_large_image\" \/>\n<meta name=\"twitter:label1\" content=\"Dur\u00e9e de lecture estim\u00e9e\" \/>\n\t<meta name=\"twitter:data1\" content=\"1 minute\" \/>\n<script type=\"application\/ld+json\" class=\"yoast-schema-graph\">{\"@context\":\"https:\/\/schema.org\",\"@graph\":[{\"@type\":\"WebPage\",\"@id\":\"https:\/\/hashabis.fr\/?page_id=96\",\"url\":\"https:\/\/hashabis.fr\/?page_id=96\",\"name\":\"Qui sommes-nous ? - Hashabis \ud83c\udfb8\",\"isPartOf\":{\"@id\":\"https:\/\/hashabis.fr\/#website\"},\"datePublished\":\"2021-06-22T10:17:45+00:00\",\"dateModified\":\"2021-10-09T01:06:17+00:00\",\"breadcrumb\":{\"@id\":\"https:\/\/hashabis.fr\/?page_id=96#breadcrumb\"},\"inLanguage\":\"fr-FR\",\"potentialAction\":[{\"@type\":\"ReadAction\",\"target\":[\"https:\/\/hashabis.fr\/?page_id=96\"]}]},{\"@type\":\"BreadcrumbList\",\"@id\":\"https:\/\/hashabis.fr\/?page_id=96#breadcrumb\",\"itemListElement\":[{\"@type\":\"ListItem\",\"position\":1,\"name\":\"Accueil\",\"item\":\"https:\/\/hashabis.fr\/\"},{\"@type\":\"ListItem\",\"position\":2,\"name\":\"Qui sommes-nous ?\"}]},{\"@type\":\"WebSite\",\"@id\":\"https:\/\/hashabis.fr\/#website\",\"url\":\"https:\/\/hashabis.fr\/\",\"name\":\"Hashabis &#127928;\",\"description\":\"\",\"potentialAction\":[{\"@type\":\"SearchAction\",\"target\":{\"@type\":\"EntryPoint\",\"urlTemplate\":\"https:\/\/hashabis.fr\/?s={search_term_string}\"},\"query-input\":\"required name=search_term_string\"}],\"inLanguage\":\"fr-FR\"}]}<\/script>\n<!-- \/ Yoast SEO plugin. -->","yoast_head_json":{"title":"Qui sommes-nous ? - Hashabis \ud83c\udfb8","robots":{"index":"index","follow":"follow","max-snippet":"max-snippet:-1","max-image-preview":"max-image-preview:large","max-video-preview":"max-video-preview:-1"},"canonical":"https:\/\/hashabis.fr\/?page_id=96","og_locale":"fr_FR","og_type":"article","og_title":"Qui sommes-nous ? - Hashabis \ud83c\udfb8","og_url":"https:\/\/hashabis.fr\/?page_id=96","og_site_name":"Hashabis \ud83c\udfb8","article_modified_time":"2021-10-09T01:06:17+00:00","twitter_card":"summary_large_image","twitter_misc":{"Dur\u00e9e de lecture estim\u00e9e":"1 minute"},"schema":{"@context":"https:\/\/schema.org","@graph":[{"@type":"WebPage","@id":"https:\/\/hashabis.fr\/?page_id=96","url":"https:\/\/hashabis.fr\/?page_id=96","name":"Qui sommes-nous ? - Hashabis \ud83c\udfb8","isPartOf":{"@id":"https:\/\/hashabis.fr\/#website"},"datePublished":"2021-06-22T10:17:45+00:00","dateModified":"2021-10-09T01:06:17+00:00","breadcrumb":{"@id":"https:\/\/hashabis.fr\/?page_id=96#breadcrumb"},"inLanguage":"fr-FR","potentialAction":[{"@type":"ReadAction","target":["https:\/\/hashabis.fr\/?page_id=96"]}]},{"@type":"BreadcrumbList","@id":"https:\/\/hashabis.fr\/?page_id=96#breadcrumb","itemListElement":[{"@type":"ListItem","position":1,"name":"Accueil","item":"https:\/\/hashabis.fr\/"},{"@type":"ListItem","position":2,"name":"Qui sommes-nous ?"}]},{"@type":"WebSite","@id":"https:\/\/hashabis.fr\/#website","url":"https:\/\/hashabis.fr\/","name":"Hashabis &#127928;","description":"","potentialAction":[{"@type":"SearchAction","target":{"@type":"EntryPoint","urlTemplate":"https:\/\/hashabis.fr\/?s={search_term_string}"},"query-input":"required name=search_term_string"}],"inLanguage":"fr-FR"}]}},"_links":{"self":[{"href":"https:\/\/hashabis.fr\/index.php?rest_route=\/wp\/v2\/pages\/96"}],"collection":[{"href":"https:\/\/hashabis.fr\/index.php?rest_route=\/wp\/v2\/pages"}],"about":[{"href":"https:\/\/hashabis.fr\/index.php?rest_route=\/wp\/v2\/types\/page"}],"author":[{"embeddable":true,"href":"https:\/\/hashabis.fr\/index.php?rest_route=\/wp\/v2\/users\/2"}],"replies":[{"embeddable":true,"href":"https:\/\/hashabis.fr\/index.php?rest_route=%2Fwp%2Fv2%2Fcomments&post=96"}],"version-history":[{"count":13,"href":"https:\/\/hashabis.fr\/index.php?rest_route=\/wp\/v2\/pages\/96\/revisions"}],"predecessor-version":[{"id":183,"href":"https:\/\/hashabis.fr\/index.php?rest_route=\/wp\/v2\/pages\/96\/revisions\/183"}],"wp:attachment":[{"href":"https:\/\/hashabis.fr\/index.php?rest_route=%2Fwp%2Fv2%2Fmedia&parent=96"}],"curies":[{"name":"wp","href":"https:\/\/api.w.org\/{rel}","templated":true}]}}